{"id":747,"date":"2025-02-04T22:31:06","date_gmt":"2025-02-04T21:31:06","guid":{"rendered":"https:\/\/www.couture.pimpelume.fr\/?page_id=747"},"modified":"2025-02-04T22:31:06","modified_gmt":"2025-02-04T21:31:06","slug":"vetements-de-sport-femme","status":"publish","type":"page","link":"https:\/\/www.couture.pimpelume.fr\/?page_id=747","title":{"rendered":"V\u00eatements de sport femme"},"content":{"rendered":"\n<p>J&rsquo;ai cr\u00e9\u00e9 une garde robe capsule de danseuse : brassi\u00e8res et pantalons dans des coloris assortis \u00e0 combiner pour des tenues vari\u00e9es, confortables et  \u00e9l\u00e9gantes ! <\/p>\n\n\n\n<figure class=\"wp-block-gallery has-nested-images columns-default is-cropped wp-block-gallery-1 is-layout-flex wp-block-gallery-is-layout-flex\">\n<figure class=\"wp-block-image size-large\"><img loading=\"lazy\" decoding=\"async\" width=\"1024\" height=\"681\" data-id=\"741\" src=\"https:\/\/www.couture.pimpelume.fr\/wp-content\/uploads\/2025\/02\/SAM_9428-1024x681.jpg\" alt=\"\" class=\"wp-image-741\" srcset=\"https:\/\/www.couture.pimpelume.fr\/wp-content\/uploads\/2025\/02\/SAM_9428-1024x681.jpg 1024w, https:\/\/www.couture.pimpelume.fr\/wp-content\/uploads\/2025\/02\/SAM_9428-300x200.jpg 300w, https:\/\/www.couture.pimpelume.fr\/wp-content\/uploads\/2025\/02\/SAM_9428-768x511.jpg 768w, https:\/\/www.couture.pimpelume.fr\/wp-content\/uploads\/2025\/02\/SAM_9428-1536x1022.jpg 1536w, https:\/\/www.couture.pimpelume.fr\/wp-content\/uploads\/2025\/02\/SAM_9428-2048x1363.jpg 2048w, https:\/\/www.couture.pimpelume.fr\/wp-content\/uploads\/2025\/02\/SAM_9428-1140x759.jpg 1140w, https:\/\/www.couture.pimpelume.fr\/wp-content\/uploads\/2025\/02\/SAM_9428-1320x878.jpg 1320w\" sizes=\"auto, (max-width: 1024px) 100vw, 1024px\" \/><\/figure>\n\n\n\n<figure class=\"wp-block-image size-large\"><img loading=\"lazy\" decoding=\"async\" width=\"1024\" height=\"681\" data-id=\"738\" src=\"https:\/\/www.couture.pimpelume.fr\/wp-content\/uploads\/2025\/02\/SAM_9391-1024x681.jpg\" alt=\"\" class=\"wp-image-738\" srcset=\"https:\/\/www.couture.pimpelume.fr\/wp-content\/uploads\/2025\/02\/SAM_9391-1024x681.jpg 1024w, https:\/\/www.couture.pimpelume.fr\/wp-content\/uploads\/2025\/02\/SAM_9391-300x200.jpg 300w, https:\/\/www.couture.pimpelume.fr\/wp-content\/uploads\/2025\/02\/SAM_9391-768x511.jpg 768w, https:\/\/www.couture.pimpelume.fr\/wp-content\/uploads\/2025\/02\/SAM_9391-1536x1022.jpg 1536w, https:\/\/www.couture.pimpelume.fr\/wp-content\/uploads\/2025\/02\/SAM_9391-2048x1363.jpg 2048w, https:\/\/www.couture.pimpelume.fr\/wp-content\/uploads\/2025\/02\/SAM_9391-1140x759.jpg 1140w, https:\/\/www.couture.pimpelume.fr\/wp-content\/uploads\/2025\/02\/SAM_9391-1320x878.jpg 1320w\" sizes=\"auto, (max-width: 1024px) 100vw, 1024px\" \/><\/figure>\n<\/figure>\n\n\n\n<figure class=\"wp-block-gallery has-nested-images columns-default is-cropped wp-block-gallery-2 is-layout-flex wp-block-gallery-is-layout-flex\">\n<figure class=\"wp-block-image size-large\"><img loading=\"lazy\" decoding=\"async\" width=\"681\" height=\"1024\" data-id=\"739\" src=\"https:\/\/www.couture.pimpelume.fr\/wp-content\/uploads\/2025\/02\/SAM_9402-681x1024.jpg\" alt=\"\" class=\"wp-image-739\" srcset=\"https:\/\/www.couture.pimpelume.fr\/wp-content\/uploads\/2025\/02\/SAM_9402-681x1024.jpg 681w, https:\/\/www.couture.pimpelume.fr\/wp-content\/uploads\/2025\/02\/SAM_9402-200x300.jpg 200w, https:\/\/www.couture.pimpelume.fr\/wp-content\/uploads\/2025\/02\/SAM_9402-768x1154.jpg 768w, https:\/\/www.couture.pimpelume.fr\/wp-content\/uploads\/2025\/02\/SAM_9402-1022x1536.jpg 1022w, https:\/\/www.couture.pimpelume.fr\/wp-content\/uploads\/2025\/02\/SAM_9402-1363x2048.jpg 1363w, https:\/\/www.couture.pimpelume.fr\/wp-content\/uploads\/2025\/02\/SAM_9402-1140x1713.jpg 1140w, https:\/\/www.couture.pimpelume.fr\/wp-content\/uploads\/2025\/02\/SAM_9402-1320x1983.jpg 1320w, https:\/\/www.couture.pimpelume.fr\/wp-content\/uploads\/2025\/02\/SAM_9402-scaled.jpg 1704w\" sizes=\"auto, (max-width: 681px) 100vw, 681px\" \/><\/figure>\n\n\n\n<figure class=\"wp-block-image size-large\"><img loading=\"lazy\" decoding=\"async\" width=\"1024\" height=\"681\" data-id=\"740\" src=\"https:\/\/www.couture.pimpelume.fr\/wp-content\/uploads\/2025\/02\/SAM_9424-1024x681.jpg\" alt=\"\" class=\"wp-image-740\" srcset=\"https:\/\/www.couture.pimpelume.fr\/wp-content\/uploads\/2025\/02\/SAM_9424-1024x681.jpg 1024w, https:\/\/www.couture.pimpelume.fr\/wp-content\/uploads\/2025\/02\/SAM_9424-300x200.jpg 300w, https:\/\/www.couture.pimpelume.fr\/wp-content\/uploads\/2025\/02\/SAM_9424-768x511.jpg 768w, https:\/\/www.couture.pimpelume.fr\/wp-content\/uploads\/2025\/02\/SAM_9424-1536x1022.jpg 1536w, https:\/\/www.couture.pimpelume.fr\/wp-content\/uploads\/2025\/02\/SAM_9424-2048x1363.jpg 2048w, https:\/\/www.couture.pimpelume.fr\/wp-content\/uploads\/2025\/02\/SAM_9424-1140x759.jpg 1140w, https:\/\/www.couture.pimpelume.fr\/wp-content\/uploads\/2025\/02\/SAM_9424-1320x878.jpg 1320w\" sizes=\"auto, (max-width: 1024px) 100vw, 1024px\" \/><\/figure>\n<\/figure>\n","protected":false},"excerpt":{"rendered":"<p>J&rsquo;ai cr\u00e9\u00e9 une garde robe capsule de danseuse : brassi\u00e8res et pantalons dans des coloris assortis \u00e0 combiner pour des tenues vari\u00e9es, confortables et \u00e9l\u00e9gantes !<\/p>\n","protected":false},"author":1,"featured_media":0,"parent":0,"menu_order":0,"comment_status":"closed","ping_status":"closed","template":"","meta":{"_price":"","_stock":"","_tribe_ticket_header":"","_tribe_default_ticket_provider":"","_tribe_ticket_capacity":"0","_ticket_start_date":"","_ticket_end_date":"","_tribe_ticket_show_description":"","_tribe_ticket_show_not_going":false,"_tribe_ticket_use_global_stock":"","_tribe_ticket_global_stock_level":"","_global_stock_mode":"","_global_stock_cap":"","_tribe_rsvp_for_event":"","_tribe_ticket_going_count":"","_tribe_ticket_not_going_count":"","_tribe_tickets_list":"[]","_tribe_ticket_has_attendee_info_fields":false,"footnotes":"","_tec_slr_enabled":"","_tec_slr_layout":""},"class_list":["post-747","page","type-page","status-publish","hentry"],"ticketed":false,"_links":{"self":[{"href":"https:\/\/www.couture.pimpelume.fr\/index.php?rest_route=\/wp\/v2\/pages\/747","targetHints":{"allow":["GET"]}}],"collection":[{"href":"https:\/\/www.couture.pimpelume.fr\/index.php?rest_route=\/wp\/v2\/pages"}],"about":[{"href":"https:\/\/www.couture.pimpelume.fr\/index.php?rest_route=\/wp\/v2\/types\/page"}],"author":[{"embeddable":true,"href":"https:\/\/www.couture.pimpelume.fr\/index.php?rest_route=\/wp\/v2\/users\/1"}],"replies":[{"embeddable":true,"href":"https:\/\/www.couture.pimpelume.fr\/index.php?rest_route=%2Fwp%2Fv2%2Fcomments&post=747"}],"version-history":[{"count":1,"href":"https:\/\/www.couture.pimpelume.fr\/index.php?rest_route=\/wp\/v2\/pages\/747\/revisions"}],"predecessor-version":[{"id":748,"href":"https:\/\/www.couture.pimpelume.fr\/index.php?rest_route=\/wp\/v2\/pages\/747\/revisions\/748"}],"wp:attachment":[{"href":"https:\/\/www.couture.pimpelume.fr\/index.php?rest_route=%2Fwp%2Fv2%2Fmedia&parent=747"}],"curies":[{"name":"wp","href":"https:\/\/api.w.org\/{rel}","templated":true}]}}