{"id":429,"date":"2024-04-01T17:58:35","date_gmt":"2024-04-01T15:58:35","guid":{"rendered":"https:\/\/www.couture.pimpelume.fr\/?page_id=429"},"modified":"2024-09-23T10:03:17","modified_gmt":"2024-09-23T08:03:17","slug":"contact","status":"publish","type":"page","link":"https:\/\/www.couture.pimpelume.fr\/?page_id=429","title":{"rendered":"Contact"},"content":{"rendered":"\n<p>L&rsquo;atelier est situ\u00e9 <em>3, la croix du Lume 26220 DIEULEFIT<\/em><\/p>\n\n\n\n<p><strong>T\u00e9l\u00e9phone :<\/strong> 06.04.19.73.54.<\/p>\n\n\n\n<p><strong>Mail :<\/strong> <a href=\"mailto:couture@pimpelume.fr\"><mark style=\"background-color:rgba(0, 0, 0, 0)\" class=\"has-inline-color has-black-color\"><span style=\"text-decoration: underline;\">couture@pimpelume.fr<\/span><\/mark><\/a><\/p>\n\n\n\n<div class=\"wp-block-group is-nowrap is-layout-flex wp-container-core-group-is-layout-6c531013 wp-block-group-is-layout-flex\">\n<figure class=\"wp-block-image size-large is-resized\"><img decoding=\"async\" src=\"https:\/\/logodownload.org\/wp-content\/uploads\/2017\/04\/instagram-logo-6.png\" alt=\"\" style=\"width:20px;height:auto\"\/><\/figure>\n\n\n\n<p><a href=\"https:\/\/www.instagram.com\/pimpelume.couture\/\" data-type=\"link\" data-id=\"https:\/\/www.instagram.com\/pimpelume.couture\/\"><mark style=\"background-color:rgba(0, 0, 0, 0)\" class=\"has-inline-color has-black-color\"><span style=\"text-decoration: underline;\">pimpelume.couture<\/span><\/mark><\/a><\/p>\n<\/div>\n\n\n\n<p><\/p>\n","protected":false},"excerpt":{"rendered":"<p>L&rsquo;atelier est situ\u00e9 3, la croix du Lume 26220 DIEULEFIT T\u00e9l\u00e9phone : 06.04.19.73.54. Mail : couture@pimpelume.fr pimpelume.couture<\/p>\n","protected":false},"author":1,"featured_media":0,"parent":0,"menu_order":0,"comment_status":"closed","ping_status":"closed","template":"","meta":{"_price":"","_stock":"","_tribe_ticket_header":"","_tribe_default_ticket_provider":"","_tribe_ticket_capacity":"0","_ticket_start_date":"","_ticket_end_date":"","_tribe_ticket_show_description":"","_tribe_ticket_show_not_going":false,"_tribe_ticket_use_global_stock":"","_tribe_ticket_global_stock_level":"","_global_stock_mode":"","_global_stock_cap":"","_tribe_rsvp_for_event":"","_tribe_ticket_going_count":"","_tribe_ticket_not_going_count":"","_tribe_tickets_list":"[]","_tribe_ticket_has_attendee_info_fields":false,"footnotes":"","_tec_slr_enabled":"","_tec_slr_layout":""},"class_list":["post-429","page","type-page","status-publish","hentry"],"ticketed":false,"_links":{"self":[{"href":"https:\/\/www.couture.pimpelume.fr\/index.php?rest_route=\/wp\/v2\/pages\/429","targetHints":{"allow":["GET"]}}],"collection":[{"href":"https:\/\/www.couture.pimpelume.fr\/index.php?rest_route=\/wp\/v2\/pages"}],"about":[{"href":"https:\/\/www.couture.pimpelume.fr\/index.php?rest_route=\/wp\/v2\/types\/page"}],"author":[{"embeddable":true,"href":"https:\/\/www.couture.pimpelume.fr\/index.php?rest_route=\/wp\/v2\/users\/1"}],"replies":[{"embeddable":true,"href":"https:\/\/www.couture.pimpelume.fr\/index.php?rest_route=%2Fwp%2Fv2%2Fcomments&post=429"}],"version-history":[{"count":11,"href":"https:\/\/www.couture.pimpelume.fr\/index.php?rest_route=\/wp\/v2\/pages\/429\/revisions"}],"predecessor-version":[{"id":581,"href":"https:\/\/www.couture.pimpelume.fr\/index.php?rest_route=\/wp\/v2\/pages\/429\/revisions\/581"}],"wp:attachment":[{"href":"https:\/\/www.couture.pimpelume.fr\/index.php?rest_route=%2Fwp%2Fv2%2Fmedia&parent=429"}],"curies":[{"name":"wp","href":"https:\/\/api.w.org\/{rel}","templated":true}]}}