{"id":330,"date":"2024-02-16T15:08:23","date_gmt":"2024-02-16T14:08:23","guid":{"rendered":"https:\/\/www.couture.pimpelume.fr\/?page_id=330"},"modified":"2024-02-16T15:19:38","modified_gmt":"2024-02-16T14:19:38","slug":"adultes-des-15-ans","status":"publish","type":"page","link":"https:\/\/www.couture.pimpelume.fr\/?page_id=330","title":{"rendered":"Adultes (d\u00e8s 15 ans)"},"content":{"rendered":"\n<div class=\"wp-block-group is-vertical is-layout-flex wp-container-core-group-is-layout-fe9cc265 wp-block-group-is-layout-flex\">\n<p class=\"has-medium-font-size\">Formule d\u00e9butant Adultes<\/p>\n\n\n\n<p><\/p>\n\n\n\n<p><\/p>\n\n\n\n<p><strong>c&rsquo;est pour vous si : <\/strong><\/p>\n\n\n\n<p>Vous n&rsquo;avez jamais utilis\u00e9 une machine \u00e0 coudre et\/ou vous n&rsquo;osez pas encore vous lancer seul<\/p>\n\n\n\n<p>Vous avez envie de coudre et de devenir autonome pour cr\u00e9er<\/p>\n\n\n\n<p><\/p>\n\n\n\n<p><\/p>\n\n\n\n<p><strong>au programme : <\/strong><\/p>\n\n\n\n<ul class=\"wp-block-list\">\n<li>vous d\u00e9couvrirez comment fonctionne une machine \u00e0 coudre, <\/li>\n<\/ul>\n\n\n\n<ul class=\"wp-block-list\">\n<li>Nous verrons les bases pour s&rsquo;installer et mettre en route la machine \u00e0 coudre en toute s\u00e9curit\u00e9,<\/li>\n<\/ul>\n\n\n\n<ul class=\"wp-block-list\">\n<li>vous ferez vos premiers points, puis vos premiers assemblages<\/li>\n<\/ul>\n\n\n\n<ul class=\"wp-block-list\">\n<li>vous repartirez avec votre premi\u00e8re cr\u00e9ation!<\/li>\n\n\n\n<li>au choix : atelier \u00e0 th\u00e8me ou cr\u00e9ation libre. Dans les deux cas je vous guide tout au long !  <\/li>\n<\/ul>\n\n\n\n<p><\/p>\n\n\n\n<p><\/p>\n<\/div>\n\n\n\n<p><\/p>\n\n\n\n<div class=\"wp-block-group is-vertical is-layout-flex wp-container-core-group-is-layout-fe9cc265 wp-block-group-is-layout-flex\">\n<p><strong>infos pratiques : <\/strong><\/p>\n\n\n\n<p>demi journ\u00e9e (dur\u00e9e 3h30) <\/p>\n\n\n\n<p>en petit groupe (4 max)<\/p>\n\n\n\n<p>prix : 50 euros par personne.<\/p>\n\n\n\n<p><\/p>\n\n\n\n<p>Vous pouvez venir, de pr\u00e9f\u00e9rence, avec votre machine \u00e0 coudre.<\/p>\n\n\n\n<p>Je peux vous en pr\u00eater une sur place ( me pr\u00e9venir si c&rsquo;est ce que vous souhaitez)<\/p>\n\n\n\n<p>pour les fournitures : soit vous apportez votre mat\u00e9riel, soit je vous le fournit avec un suppl\u00e9ment ( en fonction du projet)<\/p>\n\n\n\n<p>Sur place, \u00e0 l&rsquo;atelier Pimpelume. R\u00e9servation t\u00e9l\u00e9phonique n\u00e9cessaire ! <\/p>\n<\/div>\n","protected":false},"excerpt":{"rendered":"<p>Formule d\u00e9butant Adultes c&rsquo;est pour vous si : Vous n&rsquo;avez jamais utilis\u00e9 une machine \u00e0 coudre et\/ou vous n&rsquo;osez pas encore vous lancer seul Vous avez envie de coudre et de devenir autonome pour cr\u00e9er au programme : infos pratiques : demi journ\u00e9e (dur\u00e9e 3h30) en petit groupe (4 max) prix : 50 euros par personne. Vous pouvez venir, de pr\u00e9f\u00e9rence, avec votre machine \u00e0 coudre. Je peux vous en pr\u00eater une sur place ( me pr\u00e9venir si c&rsquo;est ce que vous souhaitez) pour les fournitures : soit vous apportez votre mat\u00e9riel, soit je vous le fournit avec un suppl\u00e9ment ( en fonction du projet) Sur place, \u00e0 l&rsquo;atelier Pimpelume. R\u00e9servation t\u00e9l\u00e9phonique n\u00e9cessaire !<\/p>\n","protected":false},"author":1,"featured_media":0,"parent":0,"menu_order":0,"comment_status":"closed","ping_status":"closed","template":"","meta":{"_price":"","_stock":"","_tribe_ticket_header":"","_tribe_default_ticket_provider":"","_tribe_ticket_capacity":"0","_ticket_start_date":"","_ticket_end_date":"","_tribe_ticket_show_description":"","_tribe_ticket_show_not_going":false,"_tribe_ticket_use_global_stock":"","_tribe_ticket_global_stock_level":"","_global_stock_mode":"","_global_stock_cap":"","_tribe_rsvp_for_event":"","_tribe_ticket_going_count":"","_tribe_ticket_not_going_count":"","_tribe_tickets_list":"[]","_tribe_ticket_has_attendee_info_fields":false,"footnotes":"","_tec_slr_enabled":"","_tec_slr_layout":""},"class_list":["post-330","page","type-page","status-publish","hentry"],"ticketed":false,"_links":{"self":[{"href":"https:\/\/www.couture.pimpelume.fr\/index.php?rest_route=\/wp\/v2\/pages\/330","targetHints":{"allow":["GET"]}}],"collection":[{"href":"https:\/\/www.couture.pimpelume.fr\/index.php?rest_route=\/wp\/v2\/pages"}],"about":[{"href":"https:\/\/www.couture.pimpelume.fr\/index.php?rest_route=\/wp\/v2\/types\/page"}],"author":[{"embeddable":true,"href":"https:\/\/www.couture.pimpelume.fr\/index.php?rest_route=\/wp\/v2\/users\/1"}],"replies":[{"embeddable":true,"href":"https:\/\/www.couture.pimpelume.fr\/index.php?rest_route=%2Fwp%2Fv2%2Fcomments&post=330"}],"version-history":[{"count":1,"href":"https:\/\/www.couture.pimpelume.fr\/index.php?rest_route=\/wp\/v2\/pages\/330\/revisions"}],"predecessor-version":[{"id":331,"href":"https:\/\/www.couture.pimpelume.fr\/index.php?rest_route=\/wp\/v2\/pages\/330\/revisions\/331"}],"wp:attachment":[{"href":"https:\/\/www.couture.pimpelume.fr\/index.php?rest_route=%2Fwp%2Fv2%2Fmedia&parent=330"}],"curies":[{"name":"wp","href":"https:\/\/api.w.org\/{rel}","templated":true}]}}