{"id":311,"date":"2024-02-16T12:52:02","date_gmt":"2024-02-16T11:52:02","guid":{"rendered":"https:\/\/www.couture.pimpelume.fr\/?page_id=311"},"modified":"2025-02-04T21:18:38","modified_gmt":"2025-02-04T20:18:38","slug":"pimpelume-vous-propose","status":"publish","type":"page","link":"https:\/\/www.couture.pimpelume.fr\/","title":{"rendered":"Pimpelume vous propose&#8230;"},"content":{"rendered":"<div class=\"wp-block-image wp-duotone-unset-1\">\n<figure class=\"alignright is-resized\"><img loading=\"lazy\" decoding=\"async\" width=\"675\" height=\"1200\" src=\"https:\/\/www.couture.pimpelume.fr\/wp-content\/uploads\/2024\/02\/IMG_20240214_1259522-edited.jpg\" alt=\"\" class=\"wp-image-335\" style=\"width:135px;height:auto\" srcset=\"https:\/\/www.couture.pimpelume.fr\/wp-content\/uploads\/2024\/02\/IMG_20240214_1259522-edited.jpg 675w, https:\/\/www.couture.pimpelume.fr\/wp-content\/uploads\/2024\/02\/IMG_20240214_1259522-edited-169x300.jpg 169w, https:\/\/www.couture.pimpelume.fr\/wp-content\/uploads\/2024\/02\/IMG_20240214_1259522-edited-576x1024.jpg 576w\" sizes=\"auto, (max-width: 675px) 100vw, 675px\" \/><\/figure>\n<\/div>\n\n\n<p>Bienvenue sur ce site de o\u00f9 vous pouvez d\u00e9couvrir mon travail de couturi\u00e8re passionn\u00e9e ! <\/p>\n\n\n\n<p>Je suis \u00e0 votre \u00e9coute pour tous vos projets textiles. Je vous propose des cr\u00e9ations artisanales personnalis\u00e9es. <br><a href=\"https:\/\/www.couture.pimpelume.fr\/contact\/\"><em><mark style=\"background-color:rgba(0, 0, 0, 0)\" class=\"has-inline-color has-black-color\"><span style=\"text-decoration: underline;\">Contactez-moi<\/span><\/mark><\/em><\/a> pour discuter et demander un devis.<\/p>\n\n\n\n<p>J&rsquo;ai \u00e0 c\u0153ur de proposer des <a href=\"https:\/\/www.couture.pimpelume.fr\/ateliers-de-couture\/\" data-type=\"page\" data-id=\"497\"><mark style=\"background-color:rgba(0, 0, 0, 0)\" class=\"has-inline-color has-black-color\"><span style=\"text-decoration: underline;\"><em>ateliers cr\u00e9atifs<\/em><\/span><\/mark><\/a> pour tous publics : enfants, ados et adultes. Vous pourrez y d\u00e9couvrir la couture ou vous perfectionner dans une ambiance chaleureuse, dans mon atelier lumineux et color\u00e9. <\/p>\n\n\n\n<p>Je propose \u00e9galement un service de <a href=\"https:\/\/www.couture.pimpelume.fr\/service-retouches-et-reparations-vetement-et-tous-textiles\/\" data-type=\"page\" data-id=\"23\"><mark style=\"background-color:rgba(0, 0, 0, 0)\" class=\"has-inline-color has-black-color\"><span style=\"text-decoration: underline;\"><em>retouches et de r\u00e9parations<\/em><\/span><\/mark><\/a> pour vos v\u00eatements et divers textiles (ameublement, accessoires..). J&rsquo;ai le label \u00ab\u00a0bonus r\u00e9paration\u00a0\u00bb qui me permet de vous proposer des tarifs avantageux pour vos r\u00e9parations de v\u00eatements.<\/p>\n\n\n  \n  \n  <div class=\"\n    mailpoet_form_popup_overlay\n      \"><\/div>\n  <div\n    id=\"mailpoet_form_1\"\n    class=\"\n      mailpoet_form\n      mailpoet_form_html\n      mailpoet_form_position_\n      mailpoet_form_animation_\n    \"\n      >\n\n    <style type=\"text\/css\">\n     #mailpoet_form_1 .mailpoet_form {  }\n#mailpoet_form_1 form { margin-bottom: 0; }\n#mailpoet_form_1 p.mailpoet_form_paragraph.last { margin-bottom: 0px; }\n#mailpoet_form_1 h2.mailpoet-heading { margin: -10px 0 10px 0; }\n#mailpoet_form_1 .mailpoet_column_with_background { padding: 10px; }\n#mailpoet_form_1 .mailpoet_form_column:not(:first-child) { margin-left: 20px; }\n#mailpoet_form_1 .mailpoet_paragraph { line-height: 20px; margin-bottom: 20px; }\n#mailpoet_form_1 .mailpoet_segment_label, #mailpoet_form_1 .mailpoet_text_label, #mailpoet_form_1 .mailpoet_textarea_label, #mailpoet_form_1 .mailpoet_select_label, #mailpoet_form_1 .mailpoet_radio_label, #mailpoet_form_1 .mailpoet_checkbox_label, #mailpoet_form_1 .mailpoet_list_label, #mailpoet_form_1 .mailpoet_date_label { display: block; font-weight: normal; }\n#mailpoet_form_1 .mailpoet_text, #mailpoet_form_1 .mailpoet_textarea, #mailpoet_form_1 .mailpoet_select, #mailpoet_form_1 .mailpoet_date_month, #mailpoet_form_1 .mailpoet_date_day, #mailpoet_form_1 .mailpoet_date_year, #mailpoet_form_1 .mailpoet_date { display: block; }\n#mailpoet_form_1 .mailpoet_text, #mailpoet_form_1 .mailpoet_textarea { width: 200px; }\n#mailpoet_form_1 .mailpoet_checkbox {  }\n#mailpoet_form_1 .mailpoet_submit {  }\n#mailpoet_form_1 .mailpoet_divider {  }\n#mailpoet_form_1 .mailpoet_message {  }\n#mailpoet_form_1 .mailpoet_form_loading { width: 30px; text-align: center; line-height: normal; }\n#mailpoet_form_1 .mailpoet_form_loading > span { width: 5px; height: 5px; background-color: #5b5b5b; }#mailpoet_form_1{border-radius: 0px;background: #f78da7;text-align: center;}#mailpoet_form_1 form.mailpoet_form {padding: 5px;}#mailpoet_form_1{width: 100%;}#mailpoet_form_1 .mailpoet_message {margin: 0; padding: 0 20px;}\n        #mailpoet_form_1 .mailpoet_validate_success {color: #00d084}\n        #mailpoet_form_1 input.parsley-success {color: #00d084}\n        #mailpoet_form_1 select.parsley-success {color: #00d084}\n        #mailpoet_form_1 textarea.parsley-success {color: #00d084}\n      \n        #mailpoet_form_1 .mailpoet_validate_error {color: #cf2e2e}\n        #mailpoet_form_1 input.parsley-error {color: #cf2e2e}\n        #mailpoet_form_1 select.parsley-error {color: #cf2e2e}\n        #mailpoet_form_1 textarea.textarea.parsley-error {color: #cf2e2e}\n        #mailpoet_form_1 .parsley-errors-list {color: #cf2e2e}\n        #mailpoet_form_1 .parsley-required {color: #cf2e2e}\n        #mailpoet_form_1 .parsley-custom-error-message {color: #cf2e2e}\n      #mailpoet_form_1 .mailpoet_paragraph.last {margin-bottom: 0} @media (max-width: 500px) {#mailpoet_form_1 {background: #f78da7;}} @media (min-width: 500px) {#mailpoet_form_1 .last .mailpoet_paragraph:last-child {margin-bottom: 0}}  @media (max-width: 500px) {#mailpoet_form_1 .mailpoet_form_column:last-child .mailpoet_paragraph:last-child {margin-bottom: 0}} \n    <\/style>\n\n    <form\n      target=\"_self\"\n      method=\"post\"\n      action=\"https:\/\/www.couture.pimpelume.fr\/wp-admin\/admin-post.php?action=mailpoet_subscription_form\"\n      class=\"mailpoet_form mailpoet_form_form mailpoet_form_html\"\n      novalidate\n      data-delay=\"\"\n      data-exit-intent-enabled=\"\"\n      data-trigger-mode=\"\"\n      data-click-trigger-selector=\"\"\n      data-font-family=\"\"\n      data-cookie-expiration-time=\"\"\n    >\n      <input type=\"hidden\" name=\"data[form_id]\" value=\"1\" \/>\n      <input type=\"hidden\" name=\"token\" value=\"a0aca65148\" \/>\n      <input type=\"hidden\" name=\"api_version\" value=\"v1\" \/>\n      <input type=\"hidden\" name=\"endpoint\" value=\"subscribers\" \/>\n      <input type=\"hidden\" name=\"mailpoet_method\" value=\"subscribe\" \/>\n\n      <label class=\"mailpoet_hp_email_label\" style=\"display: none !important;\">Veuillez laisser ce champ vide<input type=\"email\" name=\"data[email]\"\/><\/label><div class='mailpoet_form_columns_container'><div class=\"mailpoet_form_columns mailpoet_paragraph mailpoet_stack_on_mobile\"><div class=\"mailpoet_form_column\" style=\"flex-basis:50%;\"><h2 class=\"mailpoet-heading  mailpoet-has-font-size\" style=\"text-align: left; color: #ffffff; font-size: 28px; line-height: 1.5\"><strong><span style=\"font-family: Concert One\" data-font=\"Concert One\" class=\"mailpoet-has-font\">Ne perdez pas le fil!<\/span><\/strong> <\/h2>\n<\/div>\n<div class=\"mailpoet_form_column\" style=\"flex-basis:50%;\"><h2 class=\"mailpoet-heading  mailpoet-has-font-size\" style=\"text-align: left; color: #ffffff; font-size: 20px; padding:0 0 0 0;\"><span style=\"font-family: Concert One\" data-font=\"Concert One\" class=\"mailpoet-has-font\">Je serais ravie de vous tenir inform\u00e9 des derni\u00e8res nouvelles\u00a0de Pimpelume une fois par mois!<\/span><\/h2>\n<\/div>\n<\/div><\/div>\n<div class='mailpoet_form_columns_container'><div class=\"mailpoet_form_columns mailpoet_paragraph mailpoet_stack_on_mobile\"><div class=\"mailpoet_form_column\" style=\"flex-basis:25%;\"><div class=\"mailpoet_paragraph \"><style>input[name=\"data[form_field_NDQzNmUzNmJlMGQzX2ZpcnN0X25hbWU=]\"]::placeholder{color:#5b8ba7;opacity: 1;}<\/style><input type=\"text\" autocomplete=\"given-name\" class=\"mailpoet_text\" id=\"form_first_name_1\" name=\"data[form_field_NDQzNmUzNmJlMGQzX2ZpcnN0X25hbWU=]\" title=\"votre pr\u00e9nom\u00a0?\" value=\"\" style=\"width:100%;box-sizing:border-box;background-color:#ffffff;border-style:solid;border-radius:4px !important;border-width:0px;padding:13px;margin: 0 auto;font-family:&#039;Ubuntu&#039;;font-size:20px;line-height:1.5;height:auto;color:#5b8ba7;\" data-automation-id=\"form_first_name\"  placeholder=\"votre pr\u00e9nom\u00a0?\" aria-label=\"votre pr\u00e9nom\u00a0?\" data-parsley-errors-container=\".mailpoet_error_1cfvv\" data-parsley-names='[&quot;Veuillez sp\u00e9cifier un nom valide.&quot;,&quot;Les adresses dans les noms ne sont pas autoris\u00e9es, veuillez ajouter votre nom \u00e0 la place.&quot;]'\/><span class=\"mailpoet_error_1cfvv\"><\/span><\/div>\n<\/div>\n<div class=\"mailpoet_form_column\" style=\"flex-basis:25%;\"><div class=\"mailpoet_paragraph \"><style>input[name=\"data[form_field_OTI3MjZiMGI0ZWVlX2xhc3RfbmFtZQ==]\"]::placeholder{color:#5b8ba7;opacity: 1;}<\/style><input type=\"text\" autocomplete=\"family-name\" class=\"mailpoet_text\" id=\"form_last_name_1\" name=\"data[form_field_OTI3MjZiMGI0ZWVlX2xhc3RfbmFtZQ==]\" title=\"votre nom ?\" value=\"\" style=\"width:100%;box-sizing:border-box;background-color:#ffffff;border-style:solid;border-radius:4px !important;border-width:0px;padding:13px;margin: 0 auto;font-family:&#039;Ubuntu&#039;;font-size:20px;line-height:1.5;height:auto;color:#5b8ba7;\" data-automation-id=\"form_last_name\"  placeholder=\"votre nom ?\" aria-label=\"votre nom ?\" data-parsley-errors-container=\".mailpoet_error_1mqv0\" data-parsley-names='[&quot;Veuillez sp\u00e9cifier un nom valide.&quot;,&quot;Les adresses dans les noms ne sont pas autoris\u00e9es, veuillez ajouter votre nom \u00e0 la place.&quot;]'\/><span class=\"mailpoet_error_1mqv0\"><\/span><\/div>\n<\/div>\n<div class=\"mailpoet_form_column\" style=\"flex-basis:25%;\"><div class=\"mailpoet_paragraph \"><style>input[name=\"data[form_field_MmIwYjdlMTFhYzRkX2VtYWls]\"]::placeholder{color:#5b8ba7;opacity: 1;}<\/style><input type=\"email\" autocomplete=\"email\" class=\"mailpoet_text\" id=\"form_email_1\" name=\"data[form_field_MmIwYjdlMTFhYzRkX2VtYWls]\" title=\"Adresse e-mail\" value=\"\" style=\"width:100%;box-sizing:border-box;background-color:#ffffff;border-style:solid;border-radius:4px !important;border-width:0px;padding:13px;margin: 0 auto;font-family:&#039;Ubuntu&#039;;font-size:20px;line-height:1.5;height:auto;color:#5b8ba7;\" data-automation-id=\"form_email\"  placeholder=\"Adresse e-mail *\" aria-label=\"Adresse e-mail *\" data-parsley-errors-container=\".mailpoet_error_1r4gc\" data-parsley-required=\"true\" required aria-required=\"true\" data-parsley-minlength=\"6\" data-parsley-maxlength=\"150\" data-parsley-type-message=\"Cette valeur doit \u00eatre un e-mail valide.\" data-parsley-required-message=\"Ce champ est n\u00e9cessaire.\"\/><span class=\"mailpoet_error_1r4gc\"><\/span><\/div>\n<\/div>\n<div class=\"mailpoet_form_column\" style=\"flex-basis:25%;\"><div class=\"mailpoet_paragraph \"><input type=\"submit\" class=\"mailpoet_submit\" value=\"Tenez-moi au courant\u00a0!\" data-automation-id=\"subscribe-submit-button\" data-font-family='Ubuntu' style=\"width:100%;box-sizing:border-box;background-color:#cf2e2e;border-style:solid;border-radius:4px !important;border-width:0px;padding:12px;margin: 0 auto;font-family:&#039;Ubuntu&#039;;font-size:21px;line-height:1.5;height:auto;color:#ffffff;border-color:transparent;font-weight:bold;\" \/><span class=\"mailpoet_form_loading\"><span class=\"mailpoet_bounce1\"><\/span><span class=\"mailpoet_bounce2\"><\/span><span class=\"mailpoet_bounce3\"><\/span><\/span><\/div>\n<\/div>\n<\/div><\/div>\n\n      <div class=\"mailpoet_message\">\n        <p class=\"mailpoet_validate_success\"\n                style=\"display:none;\"\n                >V\u00e9rifiez votre boite de r\u00e9ception ou votre r\u00e9pertoire d\u2019ind\u00e9sirables pour confirmer votre abonnement.\n        <\/p>\n        <p class=\"mailpoet_validate_error\"\n                style=\"display:none;\"\n                >        <\/p>\n      <\/div>\n    <\/form>\n\n      <\/div>\n\n  \n\n\n<p><\/p>\n","protected":false},"excerpt":{"rendered":"<p>Bienvenue sur ce site de o\u00f9 vous pouvez d\u00e9couvrir mon travail de couturi\u00e8re passionn\u00e9e ! Je suis \u00e0 votre \u00e9coute pour tous vos projets textiles. Je vous propose des cr\u00e9ations artisanales personnalis\u00e9es. Contactez-moi pour discuter et demander un devis. J&rsquo;ai \u00e0 c\u0153ur de proposer des ateliers cr\u00e9atifs pour tous publics : enfants, ados et adultes. Vous pourrez y d\u00e9couvrir la couture ou vous perfectionner dans une ambiance chaleureuse, dans mon atelier lumineux et color\u00e9. Je propose \u00e9galement un service de retouches et de r\u00e9parations pour vos v\u00eatements et divers textiles (ameublement, accessoires..). J&rsquo;ai le label \u00ab\u00a0bonus r\u00e9paration\u00a0\u00bb qui me permet de vous proposer des tarifs avantageux pour vos r\u00e9parations de v\u00eatements.<\/p>\n","protected":false},"author":1,"featured_media":0,"parent":0,"menu_order":0,"comment_status":"closed","ping_status":"closed","template":"","meta":{"_price":"","_stock":"","_tribe_ticket_header":"","_tribe_default_ticket_provider":"","_tribe_ticket_capacity":"0","_ticket_start_date":"","_ticket_end_date":"","_tribe_ticket_show_description":"","_tribe_ticket_show_not_going":false,"_tribe_ticket_use_global_stock":"","_tribe_ticket_global_stock_level":"","_global_stock_mode":"","_global_stock_cap":"","_tribe_rsvp_for_event":"","_tribe_ticket_going_count":"","_tribe_ticket_not_going_count":"","_tribe_tickets_list":"[]","_tribe_ticket_has_attendee_info_fields":false,"footnotes":"","_tec_slr_enabled":"","_tec_slr_layout":""},"class_list":["post-311","page","type-page","status-publish","hentry"],"ticketed":false,"_links":{"self":[{"href":"https:\/\/www.couture.pimpelume.fr\/index.php?rest_route=\/wp\/v2\/pages\/311","targetHints":{"allow":["GET"]}}],"collection":[{"href":"https:\/\/www.couture.pimpelume.fr\/index.php?rest_route=\/wp\/v2\/pages"}],"about":[{"href":"https:\/\/www.couture.pimpelume.fr\/index.php?rest_route=\/wp\/v2\/types\/page"}],"author":[{"embeddable":true,"href":"https:\/\/www.couture.pimpelume.fr\/index.php?rest_route=\/wp\/v2\/users\/1"}],"replies":[{"embeddable":true,"href":"https:\/\/www.couture.pimpelume.fr\/index.php?rest_route=%2Fwp%2Fv2%2Fcomments&post=311"}],"version-history":[{"count":25,"href":"https:\/\/www.couture.pimpelume.fr\/index.php?rest_route=\/wp\/v2\/pages\/311\/revisions"}],"predecessor-version":[{"id":762,"href":"https:\/\/www.couture.pimpelume.fr\/index.php?rest_route=\/wp\/v2\/pages\/311\/revisions\/762"}],"wp:attachment":[{"href":"https:\/\/www.couture.pimpelume.fr\/index.php?rest_route=%2Fwp%2Fv2%2Fmedia&parent=311"}],"curies":[{"name":"wp","href":"https:\/\/api.w.org\/{rel}","templated":true}]}}