{"id":306,"date":"2024-02-15T09:33:03","date_gmt":"2024-02-15T08:33:03","guid":{"rendered":"https:\/\/www.couture.pimpelume.fr\/?page_id=306"},"modified":"2025-02-04T22:54:07","modified_gmt":"2025-02-04T21:54:07","slug":"vetements-bebe-et-enfant","status":"publish","type":"page","link":"https:\/\/www.couture.pimpelume.fr\/?page_id=306","title":{"rendered":"V\u00eatements b\u00e9b\u00e9 et enfant"},"content":{"rendered":"\n<div class=\"wp-block-jetpack-tiled-gallery aligncenter is-style-rectangular\"><div class=\"\"><div class=\"tiled-gallery__gallery\"><div class=\"tiled-gallery__row\"><div class=\"tiled-gallery__col\" style=\"flex-basis:50.00000%\"><figure class=\"tiled-gallery__item\"><img decoding=\"async\" alt=\"\" data-height=\"2560\" data-id=\"389\" data-link=\"https:\/\/www.couture.pimpelume.fr\/vetements-bebe-et-enfant\/img_20220517_161616\/\" data-url=\"https:\/\/www.couture.pimpelume.fr\/wp-content\/uploads\/2024\/02\/IMG_20220517_161616-768x1024.jpg\" data-width=\"1920\" src=\"https:\/\/i0.wp.com\/www.couture.pimpelume.fr\/wp-content\/uploads\/2024\/02\/IMG_20220517_161616-768x1024.jpg?ssl=1\" data-amp-layout=\"responsive\" tabindex=\"0\" role=\"button\" aria-label=\"Ouvrir l\u2019image 1 sur 2 en plein \u00e9cran\"\/><\/figure><\/div><div class=\"tiled-gallery__col\" style=\"flex-basis:50.00000%\"><figure class=\"tiled-gallery__item\"><img decoding=\"async\" alt=\"\" data-height=\"2560\" data-id=\"391\" data-link=\"https:\/\/www.couture.pimpelume.fr\/vetements-bebe-et-enfant\/img_20230114_142923\/\" data-url=\"https:\/\/www.couture.pimpelume.fr\/wp-content\/uploads\/2024\/02\/IMG_20230114_142923-768x1024.jpg\" data-width=\"1920\" src=\"https:\/\/i0.wp.com\/www.couture.pimpelume.fr\/wp-content\/uploads\/2024\/02\/IMG_20230114_142923-768x1024.jpg?ssl=1\" data-amp-layout=\"responsive\" tabindex=\"0\" role=\"button\" aria-label=\"Ouvrir l\u2019image 2 sur 2 en plein \u00e9cran\"\/><\/figure><\/div><\/div><\/div><\/div><\/div>\n\n\n\n<figure class=\"wp-block-gallery has-nested-images columns-default is-cropped wp-block-gallery-1 is-layout-flex wp-block-gallery-is-layout-flex\">\n<figure class=\"wp-block-image\"><img loading=\"lazy\" decoding=\"async\" width=\"2560\" height=\"1920\" data-id=\"235\" src=\"https:\/\/www.couture.pimpelume.fr\/wp-content\/uploads\/2024\/02\/IMG_20220127_215706-scaled.jpg\" alt=\"\" class=\"wp-image-235\" srcset=\"https:\/\/www.couture.pimpelume.fr\/wp-content\/uploads\/2024\/02\/IMG_20220127_215706-scaled.jpg 2560w, https:\/\/www.couture.pimpelume.fr\/wp-content\/uploads\/2024\/02\/IMG_20220127_215706-300x225.jpg 300w, https:\/\/www.couture.pimpelume.fr\/wp-content\/uploads\/2024\/02\/IMG_20220127_215706-1024x768.jpg 1024w, https:\/\/www.couture.pimpelume.fr\/wp-content\/uploads\/2024\/02\/IMG_20220127_215706-768x576.jpg 768w, https:\/\/www.couture.pimpelume.fr\/wp-content\/uploads\/2024\/02\/IMG_20220127_215706-1536x1152.jpg 1536w, https:\/\/www.couture.pimpelume.fr\/wp-content\/uploads\/2024\/02\/IMG_20220127_215706-2048x1536.jpg 2048w, https:\/\/www.couture.pimpelume.fr\/wp-content\/uploads\/2024\/02\/IMG_20220127_215706-1140x855.jpg 1140w\" sizes=\"auto, (max-width: 2560px) 100vw, 2560px\" \/><\/figure>\n\n\n\n<figure class=\"wp-block-image size-large\"><img loading=\"lazy\" decoding=\"async\" width=\"768\" height=\"1024\" data-id=\"753\" src=\"https:\/\/www.couture.pimpelume.fr\/wp-content\/uploads\/2025\/02\/IMG_20230925_112322-768x1024.jpg\" alt=\"\" class=\"wp-image-753\" srcset=\"https:\/\/www.couture.pimpelume.fr\/wp-content\/uploads\/2025\/02\/IMG_20230925_112322-768x1024.jpg 768w, https:\/\/www.couture.pimpelume.fr\/wp-content\/uploads\/2025\/02\/IMG_20230925_112322-225x300.jpg 225w, https:\/\/www.couture.pimpelume.fr\/wp-content\/uploads\/2025\/02\/IMG_20230925_112322-1152x1536.jpg 1152w, https:\/\/www.couture.pimpelume.fr\/wp-content\/uploads\/2025\/02\/IMG_20230925_112322-1536x2048.jpg 1536w, https:\/\/www.couture.pimpelume.fr\/wp-content\/uploads\/2025\/02\/IMG_20230925_112322-1140x1520.jpg 1140w, https:\/\/www.couture.pimpelume.fr\/wp-content\/uploads\/2025\/02\/IMG_20230925_112322-1320x1760.jpg 1320w, https:\/\/www.couture.pimpelume.fr\/wp-content\/uploads\/2025\/02\/IMG_20230925_112322-scaled.jpg 1920w\" sizes=\"auto, (max-width: 768px) 100vw, 768px\" \/><\/figure>\n<\/figure>\n\n\n\n<figure class=\"wp-block-gallery has-nested-images columns-default is-cropped wp-block-gallery-2 is-layout-flex wp-block-gallery-is-layout-flex\">\n<figure class=\"wp-block-image\"><img loading=\"lazy\" decoding=\"async\" width=\"1920\" height=\"2560\" data-id=\"239\" src=\"https:\/\/www.couture.pimpelume.fr\/wp-content\/uploads\/2024\/02\/IMG_20220421_115650-scaled.jpg\" alt=\"\" class=\"wp-image-239\" srcset=\"https:\/\/www.couture.pimpelume.fr\/wp-content\/uploads\/2024\/02\/IMG_20220421_115650-scaled.jpg 1920w, https:\/\/www.couture.pimpelume.fr\/wp-content\/uploads\/2024\/02\/IMG_20220421_115650-225x300.jpg 225w, https:\/\/www.couture.pimpelume.fr\/wp-content\/uploads\/2024\/02\/IMG_20220421_115650-768x1024.jpg 768w, https:\/\/www.couture.pimpelume.fr\/wp-content\/uploads\/2024\/02\/IMG_20220421_115650-1152x1536.jpg 1152w, https:\/\/www.couture.pimpelume.fr\/wp-content\/uploads\/2024\/02\/IMG_20220421_115650-1536x2048.jpg 1536w, https:\/\/www.couture.pimpelume.fr\/wp-content\/uploads\/2024\/02\/IMG_20220421_115650-1140x1520.jpg 1140w\" sizes=\"auto, (max-width: 1920px) 100vw, 1920px\" \/><\/figure>\n\n\n\n<figure class=\"wp-block-image\"><img loading=\"lazy\" decoding=\"async\" width=\"1920\" height=\"2560\" data-id=\"244\" src=\"https:\/\/www.couture.pimpelume.fr\/wp-content\/uploads\/2024\/02\/IMG_20220421_115934-scaled.jpg\" alt=\"\" class=\"wp-image-244\" srcset=\"https:\/\/www.couture.pimpelume.fr\/wp-content\/uploads\/2024\/02\/IMG_20220421_115934-scaled.jpg 1920w, https:\/\/www.couture.pimpelume.fr\/wp-content\/uploads\/2024\/02\/IMG_20220421_115934-225x300.jpg 225w, https:\/\/www.couture.pimpelume.fr\/wp-content\/uploads\/2024\/02\/IMG_20220421_115934-768x1024.jpg 768w, https:\/\/www.couture.pimpelume.fr\/wp-content\/uploads\/2024\/02\/IMG_20220421_115934-1152x1536.jpg 1152w, https:\/\/www.couture.pimpelume.fr\/wp-content\/uploads\/2024\/02\/IMG_20220421_115934-1536x2048.jpg 1536w, https:\/\/www.couture.pimpelume.fr\/wp-content\/uploads\/2024\/02\/IMG_20220421_115934-1140x1520.jpg 1140w\" sizes=\"auto, (max-width: 1920px) 100vw, 1920px\" \/><\/figure>\n<\/figure>\n\n\n\n<div class=\"wp-block-jetpack-tiled-gallery aligncenter is-style-rectangular\"><div class=\"\"><div class=\"tiled-gallery__gallery\"><div class=\"tiled-gallery__row\"><div class=\"tiled-gallery__col\" style=\"flex-basis:50.00000%\"><figure class=\"tiled-gallery__item\"><img decoding=\"async\" alt=\"\" data-height=\"1920\" data-id=\"238\" data-link=\"https:\/\/www.couture.pimpelume.fr\/img_20220408_135352\/\" data-url=\"https:\/\/www.couture.pimpelume.fr\/wp-content\/uploads\/2024\/02\/IMG_20220408_135352-scaled-e1708433227377-1024x768.jpg\" data-width=\"2560\" src=\"https:\/\/i0.wp.com\/www.couture.pimpelume.fr\/wp-content\/uploads\/2024\/02\/IMG_20220408_135352-scaled-e1708433227377-1024x768.jpg?ssl=1\" data-amp-layout=\"responsive\" tabindex=\"0\" role=\"button\" aria-label=\"Ouvrir l\u2019image 1 sur 2 en plein \u00e9cran\"\/><\/figure><\/div><div class=\"tiled-gallery__col\" style=\"flex-basis:50.00000%\"><figure class=\"tiled-gallery__item\"><img decoding=\"async\" alt=\"\" data-height=\"1920\" data-id=\"235\" data-link=\"https:\/\/www.couture.pimpelume.fr\/img_20220127_215706\/\" data-url=\"https:\/\/www.couture.pimpelume.fr\/wp-content\/uploads\/2024\/02\/IMG_20220127_215706-1024x768.jpg\" data-width=\"2560\" src=\"https:\/\/i0.wp.com\/www.couture.pimpelume.fr\/wp-content\/uploads\/2024\/02\/IMG_20220127_215706-1024x768.jpg?ssl=1\" data-amp-layout=\"responsive\" tabindex=\"0\" role=\"button\" aria-label=\"Ouvrir l\u2019image 2 sur 2 en plein \u00e9cran\"\/><\/figure><\/div><\/div><\/div><\/div><\/div>\n\n\n\n<figure class=\"wp-block-image size-large\"><img loading=\"lazy\" decoding=\"async\" width=\"1024\" height=\"1024\" src=\"https:\/\/www.couture.pimpelume.fr\/wp-content\/uploads\/2024\/02\/IMG_20230704_152912_653-1024x1024.jpg\" alt=\"\" class=\"wp-image-204\" srcset=\"https:\/\/www.couture.pimpelume.fr\/wp-content\/uploads\/2024\/02\/IMG_20230704_152912_653-1024x1024.jpg 1024w, https:\/\/www.couture.pimpelume.fr\/wp-content\/uploads\/2024\/02\/IMG_20230704_152912_653-300x300.jpg 300w, https:\/\/www.couture.pimpelume.fr\/wp-content\/uploads\/2024\/02\/IMG_20230704_152912_653-150x150.jpg 150w, https:\/\/www.couture.pimpelume.fr\/wp-content\/uploads\/2024\/02\/IMG_20230704_152912_653-768x768.jpg 768w, https:\/\/www.couture.pimpelume.fr\/wp-content\/uploads\/2024\/02\/IMG_20230704_152912_653-1536x1536.jpg 1536w, https:\/\/www.couture.pimpelume.fr\/wp-content\/uploads\/2024\/02\/IMG_20230704_152912_653-2048x2048.jpg 2048w, https:\/\/www.couture.pimpelume.fr\/wp-content\/uploads\/2024\/02\/IMG_20230704_152912_653-1140x1140.jpg 1140w, https:\/\/www.couture.pimpelume.fr\/wp-content\/uploads\/2024\/02\/IMG_20230704_152912_653-75x75.jpg 75w\" sizes=\"auto, (max-width: 1024px) 100vw, 1024px\" \/><\/figure>\n\n\n\n<figure class=\"wp-block-image size-large\"><img loading=\"lazy\" decoding=\"async\" width=\"768\" height=\"1024\" src=\"https:\/\/www.couture.pimpelume.fr\/wp-content\/uploads\/2024\/02\/IMG_20220517_161616-768x1024.jpg\" alt=\"\" class=\"wp-image-389\" srcset=\"https:\/\/www.couture.pimpelume.fr\/wp-content\/uploads\/2024\/02\/IMG_20220517_161616-768x1024.jpg 768w, https:\/\/www.couture.pimpelume.fr\/wp-content\/uploads\/2024\/02\/IMG_20220517_161616-225x300.jpg 225w, https:\/\/www.couture.pimpelume.fr\/wp-content\/uploads\/2024\/02\/IMG_20220517_161616-1152x1536.jpg 1152w, https:\/\/www.couture.pimpelume.fr\/wp-content\/uploads\/2024\/02\/IMG_20220517_161616-1536x2048.jpg 1536w, https:\/\/www.couture.pimpelume.fr\/wp-content\/uploads\/2024\/02\/IMG_20220517_161616-1140x1520.jpg 1140w, https:\/\/www.couture.pimpelume.fr\/wp-content\/uploads\/2024\/02\/IMG_20220517_161616-scaled.jpg 1920w\" sizes=\"auto, (max-width: 768px) 100vw, 768px\" \/><\/figure>\n\n\n\n<figure class=\"wp-block-image size-large\"><img loading=\"lazy\" decoding=\"async\" width=\"1024\" height=\"768\" src=\"https:\/\/www.couture.pimpelume.fr\/wp-content\/uploads\/2024\/02\/IMG_20230129_202536-1024x768.jpg\" alt=\"\" class=\"wp-image-232\" srcset=\"https:\/\/www.couture.pimpelume.fr\/wp-content\/uploads\/2024\/02\/IMG_20230129_202536-1024x768.jpg 1024w, https:\/\/www.couture.pimpelume.fr\/wp-content\/uploads\/2024\/02\/IMG_20230129_202536-300x225.jpg 300w, https:\/\/www.couture.pimpelume.fr\/wp-content\/uploads\/2024\/02\/IMG_20230129_202536-768x576.jpg 768w, https:\/\/www.couture.pimpelume.fr\/wp-content\/uploads\/2024\/02\/IMG_20230129_202536-1536x1152.jpg 1536w, https:\/\/www.couture.pimpelume.fr\/wp-content\/uploads\/2024\/02\/IMG_20230129_202536-2048x1536.jpg 2048w, https:\/\/www.couture.pimpelume.fr\/wp-content\/uploads\/2024\/02\/IMG_20230129_202536-1140x855.jpg 1140w\" sizes=\"auto, (max-width: 1024px) 100vw, 1024px\" \/><\/figure>\n","protected":false},"excerpt":{"rendered":"","protected":false},"author":1,"featured_media":0,"parent":0,"menu_order":0,"comment_status":"closed","ping_status":"closed","template":"","meta":{"_price":"","_stock":"","_tribe_ticket_header":"","_tribe_default_ticket_provider":"","_tribe_ticket_capacity":"0","_ticket_start_date":"","_ticket_end_date":"","_tribe_ticket_show_description":"","_tribe_ticket_show_not_going":false,"_tribe_ticket_use_global_stock":"","_tribe_ticket_global_stock_level":"","_global_stock_mode":"","_global_stock_cap":"","_tribe_rsvp_for_event":"","_tribe_ticket_going_count":"","_tribe_ticket_not_going_count":"","_tribe_tickets_list":"[]","_tribe_ticket_has_attendee_info_fields":false,"footnotes":"","_tec_slr_enabled":"","_tec_slr_layout":""},"class_list":["post-306","page","type-page","status-publish","hentry"],"ticketed":false,"_links":{"self":[{"href":"https:\/\/www.couture.pimpelume.fr\/index.php?rest_route=\/wp\/v2\/pages\/306","targetHints":{"allow":["GET"]}}],"collection":[{"href":"https:\/\/www.couture.pimpelume.fr\/index.php?rest_route=\/wp\/v2\/pages"}],"about":[{"href":"https:\/\/www.couture.pimpelume.fr\/index.php?rest_route=\/wp\/v2\/types\/page"}],"author":[{"embeddable":true,"href":"https:\/\/www.couture.pimpelume.fr\/index.php?rest_route=\/wp\/v2\/users\/1"}],"replies":[{"embeddable":true,"href":"https:\/\/www.couture.pimpelume.fr\/index.php?rest_route=%2Fwp%2Fv2%2Fcomments&post=306"}],"version-history":[{"count":8,"href":"https:\/\/www.couture.pimpelume.fr\/index.php?rest_route=\/wp\/v2\/pages\/306\/revisions"}],"predecessor-version":[{"id":755,"href":"https:\/\/www.couture.pimpelume.fr\/index.php?rest_route=\/wp\/v2\/pages\/306\/revisions\/755"}],"wp:attachment":[{"href":"https:\/\/www.couture.pimpelume.fr\/index.php?rest_route=%2Fwp%2Fv2%2Fmedia&parent=306"}],"curies":[{"name":"wp","href":"https:\/\/api.w.org\/{rel}","templated":true}]}}