{"id":27,"date":"2023-12-27T18:40:15","date_gmt":"2023-12-27T17:40:15","guid":{"rendered":"https:\/\/www.couture.pimpelume.fr\/?page_id=27"},"modified":"2024-06-21T10:32:47","modified_gmt":"2024-06-21T08:32:47","slug":"creation-de-costume-sur-mesure","status":"publish","type":"page","link":"https:\/\/www.couture.pimpelume.fr\/?page_id=27","title":{"rendered":"Cr\u00e9ation de costume"},"content":{"rendered":"\n<p>Cr\u00e9ation d&rsquo;un costume sur mesure pour un spectacle pyrotechnique. J&rsquo;ai travaill\u00e9 \u00e0 partir des envies et des crit\u00e8res indispensables de ma cliente (tissu non inflammable, fluidit\u00e9, tomb\u00e9\u2026), je lui ai propos\u00e9 un dessin puis j&rsquo;ai cr\u00e9\u00e9 le patron. J&rsquo;ai effectu\u00e9 une toile pour l&rsquo;essayage et les ajustements, puis j&rsquo;ai r\u00e9alis\u00e9 le costume dans le tissu final. Le rendu lors du spectacle \u00e9tait magnifique. Merci Anastasia de m&rsquo;avoir fait confiance !<\/p>\n\n\n<div class=\"wp-block-image\">\n<figure class=\"alignleft size-full is-resized\"><img loading=\"lazy\" decoding=\"async\" width=\"427\" height=\"640\" src=\"https:\/\/www.couture.pimpelume.fr\/wp-content\/uploads\/2023\/12\/Anastasia-10.jpeg\" alt=\"\" class=\"wp-image-30\" style=\"width:398px;height:auto\" srcset=\"https:\/\/www.couture.pimpelume.fr\/wp-content\/uploads\/2023\/12\/Anastasia-10.jpeg 427w, https:\/\/www.couture.pimpelume.fr\/wp-content\/uploads\/2023\/12\/Anastasia-10-200x300.jpeg 200w\" sizes=\"auto, (max-width: 427px) 100vw, 427px\" \/><\/figure>\n<\/div>\n\n<div class=\"wp-block-image\">\n<figure class=\"alignright size-full is-resized\"><img loading=\"lazy\" decoding=\"async\" width=\"427\" height=\"640\" src=\"https:\/\/www.couture.pimpelume.fr\/wp-content\/uploads\/2023\/12\/Anastasia-11-1.jpeg\" alt=\"\" class=\"wp-image-32\" style=\"width:397px;height:auto\" srcset=\"https:\/\/www.couture.pimpelume.fr\/wp-content\/uploads\/2023\/12\/Anastasia-11-1.jpeg 427w, https:\/\/www.couture.pimpelume.fr\/wp-content\/uploads\/2023\/12\/Anastasia-11-1-200x300.jpeg 200w\" sizes=\"auto, (max-width: 427px) 100vw, 427px\" \/><\/figure>\n<\/div>","protected":false},"excerpt":{"rendered":"<p>Cr\u00e9ation d&rsquo;un costume sur mesure pour un spectacle pyrotechnique. J&rsquo;ai travaill\u00e9 \u00e0 partir des envies et des crit\u00e8res indispensables de ma cliente (tissu non inflammable, fluidit\u00e9, tomb\u00e9\u2026), je lui ai propos\u00e9 un dessin puis j&rsquo;ai cr\u00e9\u00e9 le patron. J&rsquo;ai effectu\u00e9 une toile pour l&rsquo;essayage et les ajustements, puis j&rsquo;ai r\u00e9alis\u00e9 le costume dans le tissu final. Le rendu lors du spectacle \u00e9tait magnifique. Merci Anastasia de m&rsquo;avoir fait confiance !<\/p>\n","protected":false},"author":1,"featured_media":9,"parent":0,"menu_order":0,"comment_status":"closed","ping_status":"closed","template":"","meta":{"_price":"","_stock":"","_tribe_ticket_header":"","_tribe_default_ticket_provider":"","_tribe_ticket_capacity":"0","_ticket_start_date":"","_ticket_end_date":"","_tribe_ticket_show_description":"","_tribe_ticket_show_not_going":false,"_tribe_ticket_use_global_stock":"","_tribe_ticket_global_stock_level":"","_global_stock_mode":"","_global_stock_cap":"","_tribe_rsvp_for_event":"","_tribe_ticket_going_count":"","_tribe_ticket_not_going_count":"","_tribe_tickets_list":"[]","_tribe_ticket_has_attendee_info_fields":false,"footnotes":"","_tec_slr_enabled":"","_tec_slr_layout":""},"class_list":["post-27","page","type-page","status-publish","has-post-thumbnail","hentry"],"ticketed":false,"_links":{"self":[{"href":"https:\/\/www.couture.pimpelume.fr\/index.php?rest_route=\/wp\/v2\/pages\/27","targetHints":{"allow":["GET"]}}],"collection":[{"href":"https:\/\/www.couture.pimpelume.fr\/index.php?rest_route=\/wp\/v2\/pages"}],"about":[{"href":"https:\/\/www.couture.pimpelume.fr\/index.php?rest_route=\/wp\/v2\/types\/page"}],"author":[{"embeddable":true,"href":"https:\/\/www.couture.pimpelume.fr\/index.php?rest_route=\/wp\/v2\/users\/1"}],"replies":[{"embeddable":true,"href":"https:\/\/www.couture.pimpelume.fr\/index.php?rest_route=%2Fwp%2Fv2%2Fcomments&post=27"}],"version-history":[{"count":7,"href":"https:\/\/www.couture.pimpelume.fr\/index.php?rest_route=\/wp\/v2\/pages\/27\/revisions"}],"predecessor-version":[{"id":551,"href":"https:\/\/www.couture.pimpelume.fr\/index.php?rest_route=\/wp\/v2\/pages\/27\/revisions\/551"}],"wp:featuredmedia":[{"embeddable":true,"href":"https:\/\/www.couture.pimpelume.fr\/index.php?rest_route=\/wp\/v2\/media\/9"}],"wp:attachment":[{"href":"https:\/\/www.couture.pimpelume.fr\/index.php?rest_route=%2Fwp%2Fv2%2Fmedia&parent=27"}],"curies":[{"name":"wp","href":"https:\/\/api.w.org\/{rel}","templated":true}]}}