{"id":23,"date":"2023-12-27T17:21:35","date_gmt":"2023-12-27T16:21:35","guid":{"rendered":"https:\/\/www.couture.pimpelume.fr\/?page_id=23"},"modified":"2026-01-23T21:14:22","modified_gmt":"2026-01-23T20:14:22","slug":"service-retouches-et-reparations-vetement-et-tous-textiles","status":"publish","type":"page","link":"https:\/\/www.couture.pimpelume.fr\/?page_id=23","title":{"rendered":"Service retouches et r\u00e9parations v\u00eatement et tous textiles"},"content":{"rendered":"\n<p><\/p>\n\n\n\n<p>Vous aimez vos v\u00eatements, vos objets textiles, vos accessoires\u2026 <\/p>\n\n\n\n<p>Si cela compte pour vous d&rsquo;avoir un mode de vie et de consommation responsable et durable, loin des mirages de la surconsommation et de la \u00ab\u00a0fast fashion\u00a0\u00bb ,<\/p>\n\n\n\n<p>Si vous achetez des v\u00eatements de seconde main, <\/p>\n\n\n\n<p>Si les tailles standard du commerce ne vous conviennent pas bien&#8230;<\/p>\n\n\n\n<p><strong>&#8230; alors faites-les r\u00e9parer ou ajuster pour continuer \u00e0 les utiliser&nbsp;!<\/strong><\/p>\n\n\n\n<p><\/p>\n\n\n\n<p>Je vous propose cette grille tarifaire \u00e0 titre indicatif -ce sont les interventions les plus courantes mais les possibilit\u00e9s sont si nombreuses !<\/p>\n\n\n\n<p>Si vous \u00eates un peu perdus dans ce tableau, qu\u2019il manque quelque chose, que vous vous posez des questions, <strong>n\u2019h\u00e9sitez pas \u00e0 <em><a href=\"https:\/\/www.couture.pimpelume.fr\/contact\/\" data-type=\"page\" data-id=\"429\"><mark style=\"background-color:rgba(0, 0, 0, 0)\" class=\"has-inline-color has-black-color\"><span style=\"text-decoration: underline;\">me contacter<\/span><\/mark><\/a><\/em><\/strong> <strong>pour en discuter<\/strong> et nous trouverons ensemble une solution qui vous convient.<\/p>\n\n\n\n<p><strong>Je vous donnerai un tarif pr\u00e9cis<\/strong> avant d\u2019effectuer la retouche, si vous le d\u00e9cidez.<\/p>\n\n\n\n<p>Pr\u00e9cisions:<\/p>\n\n\n\n<p>Les prix peuvent varier selon le mod\u00e8le et sa mati\u00e8re.<br>Suppl\u00e9ment de 5 \u00e0 10 euros si le v\u00eatement comporte une doublure.<\/p>\n\n\n\n<p><strong>Les fournitures ne sont pas comprises<\/strong>, \u00e0 ajouter \u00e0 ces tarifs (essentiellement pour les fermetures \u00e0 glissi\u00e8re, ajout de boutons, de pi\u00e8ces de tissu&#8230;)<\/p>\n\n\n\n<p><\/p>\n\n\n\n<figure class=\"wp-block-table\"><table><thead><tr><th>Pantalons (retouches les plus courantes)<\/th><th><\/th><\/tr><\/thead><tbody><tr><td>Ourlets simples (la paire)<\/td><td>12.00 \u20ac<\/td><\/tr><tr><td>reprisage\/ renforcement\/ rapi\u00e9\u00e7age &lt;15 cm2<\/td><td>15 euros<\/td><\/tr><tr><td>reprisage\/ renforcement\/ rapi\u00e9\u00e7age &gt;15 cm2<\/td><td>20 euros<\/td><\/tr><tr><td>Ourlets invisibles fait main et finition au surjet (la paire)<\/td><td>16.00 \u20ac<\/td><\/tr><tr><td>Revers de pantalon \/ fentes<\/td><td>14.00 \u20ac<\/td><\/tr><tr><td>Ourlets pantalon bas de jogging<\/td><td>14.00 \u20ac<\/td><\/tr><tr><td>R\u00e9tr\u00e9cir ou \u00e9largir la taille<\/td><td>14.00 \u20ac<\/td><\/tr><tr><td>D\u00e9placer un passant<\/td><td>2.00 \u20ac<\/td><\/tr><tr><td>cr\u00e9er et poser un passant suppl\u00e9mentaire<\/td><td>4,00 \u20ac<\/td><\/tr><tr><td>Changement doublure pantalon<\/td><td>30.00 \u20ac<\/td><\/tr><tr><td>Reprendre la ceinture + les c\u00f4t\u00e9s pantalon selon le mod\u00e8le<\/td><td>18 \u00e0 25 \u20ac<\/td><\/tr><tr><td>Renfort genoux l\u2019unit\u00e9<\/td><td>5.00 \u20ac<\/td><\/tr><tr><td>Changer une fermeture \u00e0 glissi\u00e8re (braguette)<\/td><td>20.00 \u20ac<\/td><\/tr><tr><td>Changer une fermeture \u00e0 glissi\u00e8re invisible<\/td><td>20.00 \u20ac<\/td><\/tr><tr><td>Ajouter \/ retirer une pince<\/td><td>13.00 \u20ac<\/td><\/tr><tr><td>Remplacer une ceinture<\/td><td>10.00 \u20ac<\/td><\/tr><tr><td>Remplacer un fond de poche<\/td><td>6.00 \u20ac<\/td><\/tr><\/tbody><\/table><\/figure>\n\n\n\n<figure class=\"wp-block-table\"><table><thead><tr><th>Jupes<\/th><th><\/th><\/tr><\/thead><tbody><tr><td>Ourlet piqu\u00e9 jupe droite sans doublure<\/td><td>10.00 \u20ac<\/td><\/tr><tr><td>Ourlet piqu\u00e9 jupe droite avec doublure<\/td><td>16.00 \u20ac<\/td><\/tr><tr><td>Ourlet invisible jupe droite sans doublure<\/td><td>15.00 \u20ac<\/td><\/tr><tr><td>Ourlet invisible jupe droite avec doublure<\/td><td>20.00 \u20ac<\/td><\/tr><tr><td>Ourlet invisible jupe ample sans doublure<\/td><td>25.00 \u20ac<\/td><\/tr><tr><td>Ourlet invisible jupe ample avec doublure<\/td><td>30.00 \u20ac<\/td><\/tr><tr><td>R\u00e9tr\u00e9cir \/ \u00e9largir la taille sans doublure<\/td><td>12.00 \u20ac<\/td><\/tr><tr><td>R\u00e9tr\u00e9cir \/ \u00e9largir la taille avec doublure<\/td><td>16.00 \u20ac<\/td><\/tr><tr><td>Reprendre les c\u00f4t\u00e9s sans fermeture sans toucher \u00e0 la taille<\/td><td>10.00 \u20ac<\/td><\/tr><tr><td>Reprendre les c\u00f4t\u00e9s avec fermeture sans toucher \u00e0 la taille<\/td><td>16.00 \u20ac<\/td><\/tr><tr><td>Ajouter une doublure<\/td><td>18.00 \u20ac<\/td><\/tr><tr><td>Ajout d\u2019une pince unit\u00e9<\/td><td>10.00 \u20ac<\/td><\/tr><tr><td>Ajout d\u2019une fente simple<\/td><td>6.00 \u20ac<\/td><\/tr><tr><td>Remplacement ceinture<\/td><td>10.00 \u20ac<\/td><\/tr><tr><td>Changement doublure droite<\/td><td>14.00 \u20ac<\/td><\/tr><tr><td>Changement doublure jupe ample<\/td><td>18.00 \u20ac<\/td><\/tr><tr><td>Changement de fermeture<\/td><td>14.00 \u20ac<\/td><\/tr><tr><td>Changement de fermeture invisible<\/td><td>14.00 \u20ac<\/td><\/tr><\/tbody><\/table><figcaption class=\"wp-element-caption\">Robe de c\u00e9r\u00e9monie (ample, doubl\u00e9e, tissus d\u00e9licats&#8230;)<\/figcaption><\/figure>\n\n\n\n<figure class=\"wp-block-table\"><table><thead><tr><th>Robes et chemises<\/th><th><\/th><\/tr><\/thead><tbody><tr><td>Pose de fermeture invisible jusqu\u2019\u00e0 25 cm<\/td><td>12.00 \u20ac<\/td><\/tr><tr><td>Pose de fermeture invisible jusqu\u2019\u00e0 40 cm<\/td><td>16.00 \u20ac<\/td><\/tr><tr><td>Pose de fermeture invisible au del\u00e0 de 40 cm<\/td><td>20.00 \u20ac<\/td><\/tr><tr><td>D\u00e9pose et changement de zip jusqu\u2019\u00e0 25 cm<\/td><td>14.00 \u20ac<\/td><\/tr><tr><td>D\u00e9pose et changement de zip jusqu\u2019\u00e0 40 cm<\/td><td>16.00 \u20ac<\/td><\/tr><tr><td>D\u00e9pose et changement de zip au del\u00e0 de 40 cm<\/td><td>20.00 \u20ac<\/td><\/tr><tr><td>Ajout d\u2019une pince<\/td><td>5.00 \u20ac<\/td><\/tr><tr><td>Ourlet piqu\u00e9 chemise<\/td><td>10.00 \u20ac<\/td><\/tr><tr><td>R\u00e9tr\u00e9cissement par les c\u00f4t\u00e9s<\/td><td>12.00 \u20ac<\/td><\/tr><tr><td>Raccourcir longueur de manches courtes<\/td><td>10.00 \u20ac<\/td><\/tr><tr><td>Raccourcir longueur de manches avec poignet<\/td><td>16.00 \u20ac<\/td><\/tr><tr><td>Raccourcir longueur de manches sans poignet<\/td><td>12.00 \u20ac<\/td><\/tr><tr><td>Reprendre les emmanchures<\/td><td>10.00 \u20ac<\/td><\/tr><tr><td>Changement de col<\/td><td>16.00 \u20ac<\/td><\/tr><tr><td>Changement des manches<\/td><td><br><\/td><\/tr><tr><td>Changement des poignets<\/td><td>18.00 \u20ac<\/td><\/tr><tr><td>Ourlet simple poignets (la paire)<\/td><td>13.00 \u20ac<\/td><\/tr><tr><td>Ourlet robe ample<\/td><td>9.00 \u20ac par m\u00e8tre lin\u00e9aire piqu\u00e9<\/td><\/tr><tr><td>Ourlet robe droite<\/td><td>12.00 \u20ac<\/td><\/tr><tr><td>Raccourcir et ourlet robe de c\u00e9r\u00e9monie (ample, doubl\u00e9e, tissu d\u00e9licat&#8230;)<\/td><td>10 euros pour la d\u00e9coupe et pr\u00e9paration<br>+ 9 euros par m\u00e8tre lin\u00e9aire piqu\u00e9<\/td><\/tr><tr><td>Pose biais ou galon au m\u00e8tre<\/td><td>3.00 \u20ac<\/td><\/tr><tr><td>Ajustage robe poitrine \/ pince poitrine<\/td><td>12.00 \u20ac<\/td><\/tr><tr><td>Ajustage robe reprise bretelle<\/td><td>10.00 \u20ac<\/td><\/tr><tr><td>couture d\u2019appoint jusqu\u2019\u00e0 10 cm<\/td><td>3.00 \u20ac<\/td><\/tr><tr><td>Couture d\u2019appoint + de 10 cm<\/td><td>5.00 \u20ac<\/td><\/tr><tr><td>Changement doublure robe droite<\/td><td>20.00 \u20ac<\/td><\/tr><tr><td>Changement doublure robe ample<\/td><td>26.00 \u20ac<\/td><\/tr><tr><td>Cr\u00e9er et poser une doublure droite<\/td><td>28.00 \u20ac<\/td><\/tr><tr><td>Cr\u00e9er et poser une doublure ample<\/td><td>30.00 \u20ac<\/td><\/tr><tr><td><\/td><td><\/td><\/tr><\/tbody><\/table><\/figure>\n\n\n\n<p><\/p>\n","protected":false},"excerpt":{"rendered":"<p>Vous aimez vos v\u00eatements, vos objets textiles, vos accessoires\u2026 Si cela compte pour vous d&rsquo;avoir un mode de vie et de consommation responsable et durable, loin des mirages de la surconsommation et de la \u00ab\u00a0fast fashion\u00a0\u00bb , Si vous achetez des v\u00eatements de seconde main, Si les tailles standard du commerce ne vous conviennent pas bien&#8230; &#8230; alors faites-les r\u00e9parer ou ajuster pour continuer \u00e0 les utiliser&nbsp;! Je vous propose cette grille tarifaire \u00e0 titre indicatif -ce sont les interventions les plus courantes mais les possibilit\u00e9s sont si nombreuses ! Si vous \u00eates un peu perdus dans ce tableau, qu\u2019il manque quelque chose, que vous vous posez des questions, n\u2019h\u00e9sitez pas \u00e0 me contacter pour en discuter et nous trouverons ensemble une solution qui vous convient. Je vous donnerai un tarif pr\u00e9cis avant d\u2019effectuer la retouche, si vous le d\u00e9cidez. Pr\u00e9cisions: Les prix peuvent varier selon le mod\u00e8le et sa mati\u00e8re.Suppl\u00e9ment de 5 \u00e0 10 euros si le v\u00eatement comporte une doublure. Les fournitures ne sont pas comprises, \u00e0 ajouter \u00e0 ces tarifs (essentiellement pour les fermetures \u00e0 glissi\u00e8re, ajout de boutons, de pi\u00e8ces de tissu&#8230;) Pantalons (retouches les plus courantes) Ourlets simples (la paire) 12.00 \u20ac reprisage\/ renforcement\/ rapi\u00e9\u00e7age &lt;15 cm2 15 euros reprisage\/ renforcement\/ rapi\u00e9\u00e7age &gt;15 cm2 20 euros Ourlets invisibles fait main et finition au surjet (la paire) 16.00 \u20ac Revers de pantalon \/ fentes 14.00 \u20ac Ourlets pantalon bas de jogging 14.00 \u20ac R\u00e9tr\u00e9cir ou \u00e9largir la taille 14.00 \u20ac D\u00e9placer un passant 2.00 \u20ac cr\u00e9er et poser un passant suppl\u00e9mentaire 4,00 \u20ac Changement doublure pantalon 30.00 \u20ac Reprendre la ceinture + les c\u00f4t\u00e9s pantalon selon le mod\u00e8le 18 \u00e0 25 \u20ac Renfort genoux l\u2019unit\u00e9 5.00 \u20ac Changer une fermeture \u00e0 glissi\u00e8re (braguette) 20.00 \u20ac Changer une fermeture \u00e0 glissi\u00e8re invisible 20.00 \u20ac Ajouter \/ retirer une pince 13.00 \u20ac Remplacer une ceinture 10.00 \u20ac Remplacer un fond de poche 6.00 \u20ac Jupes Ourlet piqu\u00e9 jupe droite sans doublure 10.00 \u20ac Ourlet piqu\u00e9 jupe droite avec doublure 16.00 \u20ac Ourlet invisible jupe droite sans doublure 15.00 \u20ac Ourlet invisible jupe droite avec doublure 20.00 \u20ac Ourlet invisible jupe ample sans doublure 25.00 \u20ac Ourlet invisible jupe ample avec doublure 30.00 \u20ac R\u00e9tr\u00e9cir \/ \u00e9largir la taille sans doublure 12.00 \u20ac R\u00e9tr\u00e9cir \/ \u00e9largir la taille avec doublure 16.00 \u20ac Reprendre les c\u00f4t\u00e9s sans fermeture sans toucher \u00e0 la taille 10.00 \u20ac Reprendre les c\u00f4t\u00e9s avec fermeture sans toucher \u00e0 la taille 16.00 \u20ac Ajouter une doublure 18.00 \u20ac Ajout d\u2019une pince unit\u00e9 10.00 \u20ac Ajout d\u2019une fente simple 6.00 \u20ac Remplacement ceinture 10.00 \u20ac Changement doublure droite 14.00 \u20ac Changement doublure jupe ample 18.00 \u20ac Changement de fermeture 14.00 \u20ac Changement de fermeture invisible 14.00 \u20ac Robe de c\u00e9r\u00e9monie (ample, doubl\u00e9e, tissus d\u00e9licats&#8230;) Robes et chemises Pose de fermeture invisible jusqu\u2019\u00e0 25 cm 12.00 \u20ac Pose de fermeture invisible jusqu\u2019\u00e0 40 cm 16.00 \u20ac Pose de fermeture invisible au del\u00e0 de 40 cm 20.00 \u20ac D\u00e9pose et changement de zip jusqu\u2019\u00e0 25 cm 14.00 \u20ac D\u00e9pose et changement de zip jusqu\u2019\u00e0 40 cm 16.00 \u20ac D\u00e9pose et changement de zip au del\u00e0 de 40 cm 20.00 \u20ac Ajout d\u2019une pince 5.00 \u20ac Ourlet piqu\u00e9 chemise 10.00 \u20ac R\u00e9tr\u00e9cissement par les c\u00f4t\u00e9s 12.00 \u20ac Raccourcir longueur de manches courtes 10.00 \u20ac Raccourcir longueur de manches avec poignet 16.00 \u20ac Raccourcir longueur de manches sans poignet 12.00 \u20ac Reprendre les emmanchures 10.00 \u20ac Changement de col 16.00 \u20ac Changement des manches Changement des poignets 18.00 \u20ac Ourlet simple poignets (la paire) 13.00 \u20ac Ourlet robe ample 9.00 \u20ac par m\u00e8tre lin\u00e9aire piqu\u00e9 Ourlet robe droite 12.00 \u20ac Raccourcir et ourlet robe de c\u00e9r\u00e9monie (ample, doubl\u00e9e, tissu d\u00e9licat&#8230;) 10 euros pour la d\u00e9coupe et pr\u00e9paration+ 9 euros par m\u00e8tre lin\u00e9aire piqu\u00e9 Pose biais ou galon au m\u00e8tre 3.00 \u20ac Ajustage robe poitrine \/ pince poitrine 12.00 \u20ac Ajustage robe reprise bretelle 10.00 \u20ac couture d\u2019appoint jusqu\u2019\u00e0 10 cm 3.00 \u20ac Couture d\u2019appoint + de 10 cm 5.00 \u20ac Changement doublure robe droite 20.00 \u20ac Changement doublure robe ample 26.00 \u20ac Cr\u00e9er et poser une doublure droite 28.00 \u20ac Cr\u00e9er et poser une doublure ample 30.00 \u20ac<\/p>\n","protected":false},"author":1,"featured_media":0,"parent":0,"menu_order":0,"comment_status":"closed","ping_status":"closed","template":"","meta":{"_price":"","_stock":"","_tribe_ticket_header":"","_tribe_default_ticket_provider":"","_tribe_ticket_capacity":"0","_ticket_start_date":"","_ticket_end_date":"","_tribe_ticket_show_description":"","_tribe_ticket_show_not_going":false,"_tribe_ticket_use_global_stock":"","_tribe_ticket_global_stock_level":"","_global_stock_mode":"","_global_stock_cap":"","_tribe_rsvp_for_event":"","_tribe_ticket_going_count":"","_tribe_ticket_not_going_count":"","_tribe_tickets_list":"[]","_tribe_ticket_has_attendee_info_fields":false,"footnotes":"","_tec_slr_enabled":"","_tec_slr_layout":""},"class_list":["post-23","page","type-page","status-publish","hentry"],"ticketed":false,"_links":{"self":[{"href":"https:\/\/www.couture.pimpelume.fr\/index.php?rest_route=\/wp\/v2\/pages\/23","targetHints":{"allow":["GET"]}}],"collection":[{"href":"https:\/\/www.couture.pimpelume.fr\/index.php?rest_route=\/wp\/v2\/pages"}],"about":[{"href":"https:\/\/www.couture.pimpelume.fr\/index.php?rest_route=\/wp\/v2\/types\/page"}],"author":[{"embeddable":true,"href":"https:\/\/www.couture.pimpelume.fr\/index.php?rest_route=\/wp\/v2\/users\/1"}],"replies":[{"embeddable":true,"href":"https:\/\/www.couture.pimpelume.fr\/index.php?rest_route=%2Fwp%2Fv2%2Fcomments&post=23"}],"version-history":[{"count":6,"href":"https:\/\/www.couture.pimpelume.fr\/index.php?rest_route=\/wp\/v2\/pages\/23\/revisions"}],"predecessor-version":[{"id":876,"href":"https:\/\/www.couture.pimpelume.fr\/index.php?rest_route=\/wp\/v2\/pages\/23\/revisions\/876"}],"wp:attachment":[{"href":"https:\/\/www.couture.pimpelume.fr\/index.php?rest_route=%2Fwp%2Fv2%2Fmedia&parent=23"}],"curies":[{"name":"wp","href":"https:\/\/api.w.org\/{rel}","templated":true}]}}